{"id":7,"date":"2021-05-14T15:05:11","date_gmt":"2021-05-14T15:05:11","guid":{"rendered":"https:\/\/gtalentohumano.com\/gth\/?page_id=7"},"modified":"2021-05-25T21:57:43","modified_gmt":"2021-05-25T21:57:43","slug":"contacto","status":"publish","type":"page","link":"https:\/\/gtalentohumano.com\/?page_id=7","title":{"rendered":"Cont\u00e1ctanos"},"content":{"rendered":"<p>[et_pb_section fb_built=\u00bb1&#8243; admin_label=\u00bbsection\u00bb _builder_version=\u00bb4.9.0&#8243; background_color=\u00bb#1a2441&#8243; hover_enabled=\u00bb0&#8243; sticky_enabled=\u00bb0&#8243;][et_pb_row admin_label=\u00bbrow\u00bb _builder_version=\u00bb3.25&#8243; background_size=\u00bbinitial\u00bb background_position=\u00bbtop_left\u00bb background_repeat=\u00bbrepeat\u00bb min_height=\u00bb179px\u00bb custom_margin=\u00bb54px|auto||auto||\u00bb][et_pb_column type=\u00bb4_4&#8243; _builder_version=\u00bb3.25&#8243; custom_padding=\u00bb|||\u00bb custom_padding__hover=\u00bb|||\u00bb][et_pb_text admin_label=\u00bbText\u00bb _builder_version=\u00bb4.9.0&#8243; background_size=\u00bbinitial\u00bb background_position=\u00bbtop_left\u00bb background_repeat=\u00bbrepeat\u00bb min_height=\u00bb61px\u00bb custom_margin=\u00bb||-238px|||\u00bb custom_padding=\u00bb0px||92px|||\u00bb inline_fonts=\u00bbMontserrat\u00bb]<!-- divi:paragraph --><\/p>\n<p><span style=\"font-size: 26px; color: #ffffff; font-family: Montserrat;\"><strong>Cont\u00e1ctanos<\/strong><\/span><\/p>\n<p><span style=\"font-size: 26px;\"><strong><span style=\"color: #ffffff; font-family: Montserrat;\"><\/span><\/strong><\/span><\/p>\n<p><span style=\"font-size: 26px;\"><strong><span style=\"color: #ffffff; font-family: Montserrat;\"><\/span><\/strong><\/span><\/p>\n<p><span style=\"font-size: 26px;\"><strong><span style=\"color: #333333;\"><\/span><\/strong><\/span><\/p>\n<p><strong> <!-- \/divi:paragraph --> <\/strong><\/p>\n<p><strong>\u00a0<\/strong><\/p>\n<p><strong>\u00a0<\/strong><\/p>\n<p><strong>\u00a0\u00a0<\/strong><\/p>\n<p>[\/et_pb_text][et_pb_text _builder_version=\u00bb4.9.0&#8243; _module_preset=\u00bbdefault\u00bb text_font=\u00bbMontserrat||||||||\u00bb min_height=\u00bb37px\u00bb custom_padding=\u00bb||0px|||\u00bb inline_fonts=\u00bbMontserrat\u00bb]<\/p>\n<p><span style=\"font-family: Montserrat; font-weight: normal; font-size: large; color: #ffffff;\">Si deseas informaci\u00f3n de los servicios que ofrecemos o del proceso de contrataci\u00f3n, llena el formulario y nos pondremos en contacto contigo lo m\u00e1s pronto posible.<\/span><\/p>\n<p>[\/et_pb_text][et_pb_text admin_label=\u00bbText\u00bb _builder_version=\u00bb4.9.0&#8243; background_size=\u00bbinitial\u00bb background_position=\u00bbtop_left\u00bb background_repeat=\u00bbrepeat\u00bb min_height=\u00bb61px\u00bb custom_margin=\u00bb||-117px|||\u00bb custom_padding=\u00bb0px||51px|||\u00bb inline_fonts=\u00bbMontserrat\u00bb]<\/p>\n<p><!-- divi:paragraph --><strong><\/strong><\/p>\n<p><strong>\u00a0<\/strong><\/p>\n<p><strong>\u00a0<\/strong><\/p>\n<p>[\/et_pb_text][et_pb_text _builder_version=\u00bb4.9.0&#8243; _module_preset=\u00bbdefault\u00bb min_height=\u00bb149px\u00bb custom_margin=\u00bb-43px||-132px|||\u00bb custom_padding=\u00bb0px|||||\u00bb inline_fonts=\u00bbMontserrat\u00bb]<\/p>\n<p><span style=\"color: #ffffff; font-family: Montserrat; font-weight: normal;\">\u00a0<\/span><strong style=\"color: #ffffff; font-family: Montserrat; font-size: 14px;\">N\u00fameros de contacto:<\/strong><span style=\"color: #ffffff; font-family: Montserrat; font-size: 14px;\"> 22233380\u00a0 \/\u00a0 72781511<\/span><\/p>\n<p><span style=\"color: #ffffff; font-family: Montserrat; font-weight: normal;\"><strong>Correo electr\u00f3nico:<\/strong> <a href=\"mailto:andreamendez@gtalentohumano.com\" style=\"color: #ffffff;\">andreamendez@gtalentohumano.com \/ medios.digitales@gtalentohumano.com<\/a><\/span><\/p>\n<p>[\/et_pb_text][\/et_pb_column][\/et_pb_row][et_pb_row admin_label=\u00bbrow\u00bb _builder_version=\u00bb3.25&#8243; background_size=\u00bbinitial\u00bb background_position=\u00bbtop_left\u00bb background_repeat=\u00bbrepeat\u00bb min_height=\u00bb232px\u00bb custom_padding=\u00bb0px|||||\u00bb][et_pb_column type=\u00bb4_4&#8243; _builder_version=\u00bb3.25&#8243; custom_padding=\u00bb|||\u00bb custom_padding__hover=\u00bb|||\u00bb][\/et_pb_column][\/et_pb_row][et_pb_row _builder_version=\u00bb4.9.0&#8243; _module_preset=\u00bbdefault\u00bb][et_pb_column type=\u00bb4_4&#8243; _builder_version=\u00bb4.9.0&#8243; _module_preset=\u00bbdefault\u00bb][et_pb_contact_form captcha=\u00bboff\u00bb _builder_version=\u00bb4.9.0&#8243; _module_preset=\u00bbdefault\u00bb min_height=\u00bb513px\u00bb custom_margin=\u00bb-318px|||||\u00bb custom_padding=\u00bb122px|||||\u00bb hover_enabled=\u00bb0&#8243; sticky_enabled=\u00bb0&#8243;][et_pb_contact_field field_id=\u00bbName\u00bb field_title=\u00bbNombre\u00bb _builder_version=\u00bb3.16&#8243; button_text_size__hover_enabled=\u00bboff\u00bb button_one_text_size__hover_enabled=\u00bboff\u00bb button_two_text_size__hover_enabled=\u00bboff\u00bb button_text_color__hover_enabled=\u00bboff\u00bb button_one_text_color__hover_enabled=\u00bboff\u00bb button_two_text_color__hover_enabled=\u00bboff\u00bb button_border_width__hover_enabled=\u00bboff\u00bb button_one_border_width__hover_enabled=\u00bboff\u00bb button_two_border_width__hover_enabled=\u00bboff\u00bb button_border_color__hover_enabled=\u00bboff\u00bb button_one_border_color__hover_enabled=\u00bboff\u00bb button_two_border_color__hover_enabled=\u00bboff\u00bb button_border_radius__hover_enabled=\u00bboff\u00bb button_one_border_radius__hover_enabled=\u00bboff\u00bb button_two_border_radius__hover_enabled=\u00bboff\u00bb button_letter_spacing__hover_enabled=\u00bboff\u00bb button_one_letter_spacing__hover_enabled=\u00bboff\u00bb button_two_letter_spacing__hover_enabled=\u00bboff\u00bb button_bg_color__hover_enabled=\u00bboff\u00bb button_one_bg_color__hover_enabled=\u00bboff\u00bb button_two_bg_color__hover_enabled=\u00bboff\u00bb][\/et_pb_contact_field][et_pb_contact_field field_id=\u00bbEmail\u00bb field_title=\u00bbDirecci\u00f3n de correo electr\u00f3nico\u00bb field_type=\u00bbemail\u00bb _builder_version=\u00bb3.16&#8243; button_text_size__hover_enabled=\u00bboff\u00bb button_one_text_size__hover_enabled=\u00bboff\u00bb button_two_text_size__hover_enabled=\u00bboff\u00bb button_text_color__hover_enabled=\u00bboff\u00bb button_one_text_color__hover_enabled=\u00bboff\u00bb button_two_text_color__hover_enabled=\u00bboff\u00bb button_border_width__hover_enabled=\u00bboff\u00bb button_one_border_width__hover_enabled=\u00bboff\u00bb button_two_border_width__hover_enabled=\u00bboff\u00bb button_border_color__hover_enabled=\u00bboff\u00bb button_one_border_color__hover_enabled=\u00bboff\u00bb button_two_border_color__hover_enabled=\u00bboff\u00bb button_border_radius__hover_enabled=\u00bboff\u00bb button_one_border_radius__hover_enabled=\u00bboff\u00bb button_two_border_radius__hover_enabled=\u00bboff\u00bb button_letter_spacing__hover_enabled=\u00bboff\u00bb button_one_letter_spacing__hover_enabled=\u00bboff\u00bb button_two_letter_spacing__hover_enabled=\u00bboff\u00bb button_bg_color__hover_enabled=\u00bboff\u00bb button_one_bg_color__hover_enabled=\u00bboff\u00bb button_two_bg_color__hover_enabled=\u00bboff\u00bb][\/et_pb_contact_field][et_pb_contact_field field_id=\u00bbMessage\u00bb field_title=\u00bbMensaje\u00bb field_type=\u00bbtext\u00bb fullwidth_field=\u00bbon\u00bb _builder_version=\u00bb3.16&#8243; button_text_size__hover_enabled=\u00bboff\u00bb button_one_text_size__hover_enabled=\u00bboff\u00bb button_two_text_size__hover_enabled=\u00bboff\u00bb button_text_color__hover_enabled=\u00bboff\u00bb button_one_text_color__hover_enabled=\u00bboff\u00bb button_two_text_color__hover_enabled=\u00bboff\u00bb button_border_width__hover_enabled=\u00bboff\u00bb button_one_border_width__hover_enabled=\u00bboff\u00bb button_two_border_width__hover_enabled=\u00bboff\u00bb button_border_color__hover_enabled=\u00bboff\u00bb button_one_border_color__hover_enabled=\u00bboff\u00bb button_two_border_color__hover_enabled=\u00bboff\u00bb button_border_radius__hover_enabled=\u00bboff\u00bb button_one_border_radius__hover_enabled=\u00bboff\u00bb button_two_border_radius__hover_enabled=\u00bboff\u00bb button_letter_spacing__hover_enabled=\u00bboff\u00bb button_one_letter_spacing__hover_enabled=\u00bboff\u00bb button_two_letter_spacing__hover_enabled=\u00bboff\u00bb button_bg_color__hover_enabled=\u00bboff\u00bb button_one_bg_color__hover_enabled=\u00bboff\u00bb button_two_bg_color__hover_enabled=\u00bboff\u00bb][\/et_pb_contact_field][\/et_pb_contact_form][\/et_pb_column][\/et_pb_row][\/et_pb_section]<\/p>\n","protected":false},"excerpt":{"rendered":"<p>[et_pb_section fb_built=\u00bb1&#8243; admin_label=\u00bbsection\u00bb _builder_version=\u00bb4.9.0&#8243; background_color=\u00bb#1a2441&#8243; hover_enabled=\u00bb0&#8243; sticky_enabled=\u00bb0&#8243;][et_pb_row admin_label=\u00bbrow\u00bb _builder_version=\u00bb3.25&#8243; background_size=\u00bbinitial\u00bb background_position=\u00bbtop_left\u00bb background_repeat=\u00bbrepeat\u00bb min_height=\u00bb179px\u00bb custom_margin=\u00bb54px|auto||auto||\u00bb][et_pb_column type=\u00bb4_4&#8243; _builder_version=\u00bb3.25&#8243; custom_padding=\u00bb|||\u00bb custom_padding__hover=\u00bb|||\u00bb][et_pb_text admin_label=\u00bbText\u00bb _builder_version=\u00bb4.9.0&#8243; background_size=\u00bbinitial\u00bb background_position=\u00bbtop_left\u00bb background_repeat=\u00bbrepeat\u00bb min_height=\u00bb61px\u00bb custom_margin=\u00bb||-238px|||\u00bb custom_padding=\u00bb0px||92px|||\u00bb inline_fonts=\u00bbMontserrat\u00bb] Cont\u00e1ctanos \u00a0 \u00a0 \u00a0\u00a0 [\/et_pb_text][et_pb_text _builder_version=\u00bb4.9.0&#8243; _module_preset=\u00bbdefault\u00bb text_font=\u00bbMontserrat||||||||\u00bb min_height=\u00bb37px\u00bb custom_padding=\u00bb||0px|||\u00bb inline_fonts=\u00bbMontserrat\u00bb] Si deseas informaci\u00f3n de los servicios que ofrecemos o del proceso de contrataci\u00f3n, llena el formulario y [&hellip;]<\/p>\n","protected":false},"author":1,"featured_media":0,"parent":0,"menu_order":0,"comment_status":"closed","ping_status":"closed","template":"","meta":{"_et_pb_use_builder":"on","_et_pb_old_content":"<!-- wp:paragraph -->\n<p>Esta es una p\u00e1gina con informaci\u00f3n de contacto b\u00e1sica, como la direcci\u00f3n y el n\u00famero de tel\u00e9fono. Incluso puedes probar un plugin para a\u00f1adir un formulario de contacto.<\/p>\n<!-- \/wp:paragraph -->","_et_gb_content_width":"","footnotes":""},"class_list":["post-7","page","type-page","status-publish","hentry"],"_links":{"self":[{"href":"https:\/\/gtalentohumano.com\/index.php?rest_route=\/wp\/v2\/pages\/7","targetHints":{"allow":["GET"]}}],"collection":[{"href":"https:\/\/gtalentohumano.com\/index.php?rest_route=\/wp\/v2\/pages"}],"about":[{"href":"https:\/\/gtalentohumano.com\/index.php?rest_route=\/wp\/v2\/types\/page"}],"author":[{"embeddable":true,"href":"https:\/\/gtalentohumano.com\/index.php?rest_route=\/wp\/v2\/users\/1"}],"replies":[{"embeddable":true,"href":"https:\/\/gtalentohumano.com\/index.php?rest_route=%2Fwp%2Fv2%2Fcomments&post=7"}],"version-history":[{"count":8,"href":"https:\/\/gtalentohumano.com\/index.php?rest_route=\/wp\/v2\/pages\/7\/revisions"}],"predecessor-version":[{"id":361,"href":"https:\/\/gtalentohumano.com\/index.php?rest_route=\/wp\/v2\/pages\/7\/revisions\/361"}],"wp:attachment":[{"href":"https:\/\/gtalentohumano.com\/index.php?rest_route=%2Fwp%2Fv2%2Fmedia&parent=7"}],"curies":[{"name":"wp","href":"https:\/\/api.w.org\/{rel}","templated":true}]}}